{"id":94,"date":"2018-08-11T08:55:05","date_gmt":"2018-08-11T08:55:05","guid":{"rendered":"https:\/\/flekbg.com\/homepage-v1\/"},"modified":"2018-11-21T07:01:26","modified_gmt":"2018-11-21T07:01:26","slug":"homepage-v1","status":"publish","type":"page","link":"https:\/\/flekbg.com\/cs\/","title":{"rendered":"P\u0159eklady z\/do bulhar\u0161tiny, \u010de\u0161tiny a sloven\u0161tiny"},"content":{"rendered":"<p>[vc_row full_width=&#8220;stretch_row_content_no_spaces&#8220; css=&#8220;.vc_custom_1542782588649{margin-top: 0px !important;margin-bottom: 0px !important;padding-top: 0px !important;padding-bottom: 0px !important;}&#8220;][vc_column css=&#8220;.vc_custom_1452826995379{margin-top: 0px !important;margin-bottom: 0px !important;padding-top: 0px !important;padding-bottom: 0px !important;}&#8220;][vc_single_image image=&#8220;263&#8243; img_size=&#8220;full&#8220; alignment=&#8220;center&#8220; css_animation=&#8220;fadeInLeft&#8220; css=&#8220;.vc_custom_1542782583440{padding-right: 0px !important;padding-left: 0px !important;}&#8220;][\/vc_column][\/vc_row][vc_row full_width=&#8220;stretch_row_content_no_spaces&#8220; css=&#8220;.vc_custom_1452826988258{margin-top: 0px !important;margin-bottom: 0px !important;padding-top: 0px !important;padding-bottom: 0px !important;}&#8220;][vc_column css=&#8220;.vc_custom_1452826995379{margin-top: 0px !important;margin-bottom: 0px !important;padding-top: 0px !important;padding-bottom: 0px !important;}&#8220;][vc_custom_heading text=&#8220;P\u0159eklady z\/do bulhar\u0161tiny, \u010de\u0161tiny a sloven\u0161tiny&#8220; font_container=&#8220;tag:h1|text_align:center&#8220; use_theme_fonts=&#8220;yes&#8220;][vc_column_text css=&#8220;.vc_custom_1542781845022{padding-right: 10px !important;padding-left: 10px !important;}&#8220;]<\/p>\n<p style=\"text-align: center;\">P\u0159eklady z\/do \u010de\u0161tiny, sloven\u0161tiny, angli\u010dtiny. P\u0159eklady, tlumo\u010den\u00ed a copywriting slu\u017eby za skv\u011bl\u00e9 ceny. P\u0159ekladatelsk\u00e1 agentura FLEK poskytuje profesion\u00e1ln\u00ed p\u0159ekladatelsk\u00e9 slu\u017eby jak p\u00edsemn\u00e9, tak formou konsekutivn\u00edho tlumo\u010den\u00ed. Zam\u011b\u0159eni jsme na p\u0159eklady z\/ do bulhar\u0161tiny, \u010de\u0161tiny a sloven\u0161tiny. M\u00e1me moznost zajistit i p\u0159eklady do jin\u00fdch jazyk\u016f. \u0158\u00edd\u00edme se po\u017eadavky klienta a jeho p\u0159edstavou o po\u017eadovan\u00e9m p\u0159ekladu, pro koho je zhotovov\u00e1n \u010di co je c\u00edlem p\u0159ekladu. Nab\u00edz\u00edme p\u0159ekladatelsk\u00e9 slu\u017eby ze v\u0161ech oblasti \u2013 jak odborn\u00fdch, tak i soukrom\u00fdch. Proto povazujeme za p\u0159\u00edsn\u00e9 d\u016fv\u011brn\u00e9 v\u0161echny dokumenty, se kter\u00fdmi nakl\u00e1d\u00e1me.<\/p>\n<p>[\/vc_column_text][\/vc_column][\/vc_row][vc_row full_width=&#8220;stretch_row&#8220; css=&#8220;.vc_custom_1451127014540{margin-top: 0px !important;margin-bottom: 0px !important;padding-top: 20px !important;padding-bottom: 20px !important;background-color: #e6e6e6 !important;}&#8220;][vc_column width=&#8220;3\/4&#8243; css=&#8220;.vc_custom_1451126965790{padding-top: 10px !important;padding-bottom: 10px !important;}&#8220;][vc_column_text css_animation=&#8220;left-to-right&#8220; css=&#8220;.vc_custom_1534407763412{margin-top: 0px !important;margin-bottom: 0px !important;}&#8220;]<\/p>\n<h4 style=\"padding-top: 9px;\">Nechceme jen p\u0159ekl\u00e1dat &#8211; tvo\u0159\u00edme partnerstv\u00ed<\/h4>\n<p>[\/vc_column_text][\/vc_column][vc_column width=&#8220;1\/4&#8243; css=&#8220;.vc_custom_1451126975243{padding-top: 10px !important;padding-bottom: 10px !important;}&#8220;][vc_btn title=&#8220;Zadejte si popt\u00e1vku&#8220; style=&#8220;flat&#8220; color=&#8220;violet&#8220; align=&#8220;center&#8220; css_animation=&#8220;bounceInRight&#8220; link=&#8220;url:https%3A%2F%2Fflekbg.com%2Fcs%2Fkontakty%2F|||&#8220;][\/vc_column][\/vc_row][vc_row][vc_column width=&#8220;1\/2&#8243;]\t\t\t\r\n        <div  class=\"ct-sc-smartbanner\">\r\n            <div>\r\n                <img decoding=\"async\" src=\"https:\/\/i0.wp.com\/flekbg.com\/wp-content\/uploads\/2018\/11\/98.jpg?fit=7200%2C4800&ssl=1\" alt=\"\">\r\n                <div class=\"thumb-overlay\"><\/div>\r\n                <div class=\"smart-content\">\r\n                    <div class=\"smart-table\">\r\n                        <div class=\"smart-table-cell\">\r\n                        \t<div class=\"smart-title h3\">P\u0159eklady z\/do \u010de\u0161tiny<\/div>                              \r\n                            <a  href=\"https:\/\/flekbg.com\/cs\/kontakty\/\" class=\"btn btn-default btn-style-1 btn-style-2 btn-style-4 imp-color-2\">\r\n                                <div class=\"add-style\">\r\n                                    <span>Zadejte si popt\u00e1vku<\/span>                                <\/div>\r\n                            <\/a>\r\n                        <\/div>\r\n                    <\/div>\r\n                <\/div>\r\n            <\/div>\r\n        <\/div>\r\n        \r\n\t\t[\/vc_column][vc_column width=&#8220;1\/2&#8243;]\t\t\t\r\n        <div  class=\"ct-sc-smartbanner\">\r\n            <div>\r\n                <img decoding=\"async\" src=\"https:\/\/i0.wp.com\/flekbg.com\/wp-content\/uploads\/2018\/11\/Prevod-ot-i-na-Slovashki.jpg?fit=7200%2C4800&ssl=1\" alt=\"\">\r\n                <div class=\"thumb-overlay\"><\/div>\r\n                <div class=\"smart-content\">\r\n                    <div class=\"smart-table\">\r\n                        <div class=\"smart-table-cell\">\r\n                        \t<div class=\"smart-title h3\">P\u0159eklady z\/do sloven\u0161tiny<\/div>                              \r\n                            <a  href=\"https:\/\/flekbg.com\/cs\/kontakty\/\" class=\"btn btn-default btn-style-1 btn-style-2 btn-style-4 imp-color-2\">\r\n                                <div class=\"add-style\">\r\n                                    <span>Zadejte si popt\u00e1vku<\/span>                                <\/div>\r\n                            <\/a>\r\n                        <\/div>\r\n                    <\/div>\r\n                <\/div>\r\n            <\/div>\r\n        <\/div>\r\n        \r\n\t\t[\/vc_column][\/vc_row][vc_row full_width=&#8220;stretch_row_content&#8220; css=&#8220;.vc_custom_1444804602792{margin-top: 0px !important;margin-bottom: 0px !important;}&#8220;][vc_column css=&#8220;.vc_custom_1448531317035{padding-top: 53px !important;padding-bottom: 50px !important;}&#8220;]    \r\n    <div id=\"iconbox_6403\" class=\"ct-sc-icon-box \">\r\n         <div class=\"ct-sc-icon-box-content\">\r\n                    \r\n        <div  class=\"iconbox-item col-md-3\">\r\n        \t\r\n\t\t\t            <!---style 1 & Style 5 -->\r\n                <div class=\"ct-sc-special-hd ct-s2\">\r\n                    <h3 class=\"primary-title h4\">\r\n                    \t                        <span>P\u0159eklad z\/do pol\u0161tiny<\/span>                    <\/h3>\r\n                <\/div>\r\n                <div class=\"text-content\"><p>[vc_single_image image=&#8220;71&#8243; img_size=&#8220;medium&#8220;]<\/p>\n<\/div>                \r\n            <!---style 1 & Style 5 -->\r\n\r\n\t\t\t            \r\n        <\/div>\r\n\r\n\t\t        \r\n        <div  class=\"iconbox-item col-md-3\">\r\n        \t\r\n\t\t\t            <!---style 1 & Style 5 -->\r\n                <div class=\"ct-sc-special-hd ct-s2\">\r\n                    <h3 class=\"primary-title h4\">\r\n                    \t                        <span>P\u0159eklad z\/do ma\u010far\u0161tiny<\/span>                    <\/h3>\r\n                <\/div>\r\n                <div class=\"text-content\"><p>[vc_single_image image=&#8220;70&#8243; img_size=&#8220;medium&#8220;]<\/p>\n<\/div>                \r\n            <!---style 1 & Style 5 -->\r\n\r\n\t\t\t            \r\n        <\/div>\r\n\r\n\t\t        \r\n        <div  class=\"iconbox-item col-md-3\">\r\n        \t\r\n\t\t\t            <!---style 1 & Style 5 -->\r\n                <div class=\"ct-sc-special-hd ct-s2\">\r\n                    <h3 class=\"primary-title h4\">\r\n                    \t                        <span>P\u0159eklad z\/do rumun\u0161tiny<\/span>                    <\/h3>\r\n                <\/div>\r\n                <div class=\"text-content\"><p>[vc_single_image image=&#8220;72&#8243; img_size=&#8220;medium&#8220;]<\/p>\n<\/div>                \r\n            <!---style 1 & Style 5 -->\r\n\r\n\t\t\t            \r\n        <\/div>\r\n\r\n\t\t        \r\n        <div  class=\"iconbox-item col-md-3\">\r\n        \t\r\n\t\t\t            <!---style 1 & Style 5 -->\r\n                <div class=\"ct-sc-special-hd ct-s2\">\r\n                    <h3 class=\"primary-title h4\">\r\n                    \t                        <span>P\u0159eklad z\/do angli\u010dtiny<\/span>                    <\/h3>\r\n                <\/div>\r\n                <div class=\"text-content\"><p>[vc_single_image image=&#8220;73&#8243; img_size=&#8220;medium&#8220;]<\/p>\n<\/div>                \r\n            <!---style 1 & Style 5 -->\r\n\r\n\t\t\t            \r\n        <\/div>\r\n\r\n\t\t        <\/div>\r\n    <\/div>\r\n\t\r\n\t[\/vc_column][\/vc_row][vc_row full_width=&#8220;stretch_row&#8220; css=&#8220;.vc_custom_1534231707239{margin-top: 0px !important;margin-bottom: 0px !important;background-color: #e6e6e6 !important;}&#8220; el_id=&#8220;flek-services&#8220;][vc_column css=&#8220;.vc_custom_1451014618005{padding-top: 60px !important;}&#8220;]        \t<div id=\"ct_custom_3481447381091\" class=\"ct-sc-special-hd style-3\">\r\n\t\t\t\t<div class=\"h3 primary-title\"><p>Na\u0161e slu\u017eby<\/p>\n<\/div><span class=\"sub-title\">P\u0159eklad, poradensk\u00e9 a copywriting slu\u017eby v Plovdivu<\/span>            <\/div> \r\n        [\/vc_column][\/vc_row][vc_row full_width=&#8220;stretch_row&#8220; css=&#8220;.vc_custom_1448531757799{margin-top: 0px !important;margin-bottom: 0px !important;padding-top: 0px !important;padding-bottom: 60px !important;background-color: #e6e6e6 !important;}&#8220;][vc_column width=&#8220;1\/2&#8243; css=&#8220;.vc_custom_1451014639255{padding-top: 60px !important;padding-bottom: 0px !important;}&#8220;]    \r\n    <div id=\"iconbox_5129\" class=\"ct-sc-icon-box style-2\">\r\n         <div class=\"ct-sc-icon-box-content\">\r\n                    \r\n        <div id=\"ct_custom_5751444805371\" class=\"iconbox-item \">\r\n        \t\r\n\t\t\t            <!---style 2 -->\r\n            \t<div class=\"ct-sc-special-hd ct-s1\">\r\n                    <span class=\"icon fa fa-check-circle\"><\/span>                    <h3 class=\"primary-title h6\">P\u0159eklad jazyk\u016f<\/h3>                    <div class=\"sub-title\"><p>P\u0159eklady do Plovdivu za p\u0159ijateln\u00e9 ceny za do \u010de\u0161tiny, sloven\u0161tiny, rumun\u0161tiny, ma\u010far\u0161tiny a angli\u010dtiny.<\/p>\n<\/div>  \r\n                <\/div>\r\n            <!---style 2 -->\r\n            \r\n                        \r\n        <\/div>\r\n\r\n\t\t        \r\n        <div id=\"ct_custom_8781444805372\" class=\"iconbox-item \">\r\n        \t\r\n\t\t\t            <!---style 2 -->\r\n            \t<div class=\"ct-sc-special-hd ct-s1\">\r\n                    <span class=\"icon fa fa-check-circle\"><\/span>                    <h3 class=\"primary-title h6\">Copywriting slu\u017eby<\/h3>                    <div class=\"sub-title\"><p>Copywriting slu\u017eby v Plovdivu za super ceny. Vytvo\u0159te obsah pro tvorbu obsahu pro va\u0161e obchodn\u00ed c\u00edle.<\/p>\n<\/div>  \r\n                <\/div>\r\n            <!---style 2 -->\r\n            \r\n                        \r\n        <\/div>\r\n\r\n\t\t        \r\n        <div id=\"ct_custom_8781444805373\" class=\"iconbox-item \">\r\n        \t\r\n\t\t\t            <!---style 2 -->\r\n            \t<div class=\"ct-sc-special-hd ct-s1\">\r\n                    <span class=\"icon fa fa-check-circle\"><\/span>                    <h3 class=\"primary-title h6\">Poradensk\u00e9 slu\u017eby<\/h3>                    <div class=\"sub-title\"><p>U n\u00e1s z\u00edsk\u00e1te individu\u00e1ln\u00ed p\u0159\u00edstup a spr\u00e1vn\u00fd postoj a setk\u00e1te se s d\u016fv\u011bryhodn\u00fdm asistentem p\u0159i \u00fasp\u011b\u0161n\u00e9m dosa\u017een\u00ed va\u0161ich c\u00edl\u016f.<\/p>\n<\/div>  \r\n                <\/div>\r\n            <!---style 2 -->\r\n            \r\n                        \r\n        <\/div>\r\n\r\n\t\t        <\/div>\r\n    <\/div>\r\n\t\r\n\t[\/vc_column][vc_column width=&#8220;1\/2&#8243; css=&#8220;.vc_custom_1451014631547{padding-top: 60px !important;padding-bottom: 0px !important;}&#8220;]\t\t\t\r\n\t\t<div id=\"ct_custom_4901450665541\" class=\"ct-ft-gallery shortcode story-box\" data-auto-play=\"0\"  data-auto-play-speed=\"5000\">\r\n            <div class=\"ct-post-gallery\">\r\n                <ul class=\"ct-post-gallery-wrapper\">\r\n                            <li>\r\n            <div class=\"story-box-content\"  >\r\n                                <div class=\"story-excerpt\"><p>Na kontaktn\u00edm formul\u00e1\u0159i m\u016f\u017eete po\u017e\u00e1dat nebo objedn\u00e1vat pot\u0159ebn\u00fd p\u0159eklad a \/ nebo doprovod s ciz\u00edm jazykem a odpov\u011b\u010f v\u00e1m za\u0161leme s citac\u00ed pro konkr\u00e9tn\u00ed p\u0159\u00edpad. Individu\u00e1ln\u00ed p\u0159\u00edstup ke ka\u017ed\u00e9mu z\u00e1kazn\u00edkovi je na\u0161\u00ed prioritou. P\u0159i pod\u00e1n\u00ed \u017e\u00e1dosti z\u00edsk\u00e1te p\u0159edb\u011b\u017en\u00fd bezplatn\u00fd v\u00fdpo\u010det a konzultace k objedn\u00e1vce. P\u0159i vy\u017e\u00e1d\u00e1n\u00ed tlumo\u010den\u00ed a \/ nebo doprovodu je \u017e\u00e1douc\u00ed co nejd\u0159\u00edve po\u017eadovat takov\u00fd z\u00e1vazek, abychom mohli b\u00fdt co nej\u00fa\u010dinn\u011bj\u0161\u00ed.<\/p>\n<\/div>            <\/div>\r\n        <\/li>\r\n\t                <\/ul>\r\n                <div class=\"cactus-slider-button-prev\"><\/div>\r\n                <div class=\"cactus-slider-button-next\"><\/div>\r\n            <\/div>\r\n            <div class=\"cactus-slider-paper\"><\/div>\r\n        <\/div>\r\n\r\n\t\t[\/vc_column][\/vc_row][vc_row full_width=&#8220;stretch_row_content_no_spaces&#8220; css=&#8220;.vc_custom_1452825881072{margin-top: 0px !important;margin-bottom: 0px !important;}&#8220;][vc_column width=&#8220;1\/2&#8243; css=&#8220;.vc_custom_1454058756888{padding-top: 50px !important;padding-bottom: 47px !important;background-color: #ffc600 !important;}&#8220;][vc_column_text css=&#8220;.vc_custom_1534408483842{margin-top: 0px !important;margin-bottom: 0px !important;}&#8220;]<\/p>\n<h4 style=\"text-align: center;\"><span style=\"color: #ffffff;\">Nebojte se n\u00e1s zavolat!<\/span><\/h4>\n<p style=\"text-align: center; padding-top: 30px;\">\t\t\t\r\n\t\t<a id=\"ct_custom_8911444965997\" href=\"tel:+359898466207\"  class=\"btn btn-default  btn-style-1 btn-style-3  \">\r\n\t\t\t<span class=\"add-style\">\r\n\t\t\t\t<span class=\"ct-icon-16-ecommerce-box-packaging-pack-goodies\"><\/span> \r\n\t\t\t\t<span>KLIKN\u011aTE ZDE<\/span>\t\t\t<\/span>    \r\n\t\t<\/a>\r\n\t\t        \r\n\t\t<\/p>\n<p>[\/vc_column_text][\/vc_column][vc_column width=&#8220;1\/2&#8243; css=&#8220;.vc_custom_1454058528231{padding-top: 50px !important;padding-bottom: 47px !important;background: #222222 url(http:\/\/business-hub.cactusthemes.com\/wp-content\/uploads\/2015\/10\/backgound.jpg?id=5665) !important;}&#8220;][vc_column_text css=&#8220;.vc_custom_1534408503514{margin-top: 0px !important;margin-bottom: 0px !important;}&#8220;]<\/p>\n<h4 style=\"text-align: center;\"><span style=\"color: #ffffff;\">Po\u0161lete n\u00e1m p\u0159ekladov\u00fd text!<\/span><\/h4>\n<p style=\"text-align: center; padding-top: 30px;\">\t\t\t\r\n\t\t<a id=\"ct_custom_8911444965998\" href=\"https:\/\/flekbg.com\/cs\/kontakty\/\"  class=\"btn btn-default  btn-style-1 btn-style-3  \">\r\n\t\t\t<span class=\"add-style\">\r\n\t\t\t\t<span class=\"ct-icon-7-setting-setting-equalizer\"><\/span> \r\n\t\t\t\t<span>ODESLAT TEXT<\/span>\t\t\t<\/span>    \r\n\t\t<\/a>\r\n\t\t        \r\n\t\t<\/p>\n<p>[\/vc_column_text][\/vc_column][\/vc_row][vc_row full_width=&#8220;stretch_row&#8220; css=&#8220;.vc_custom_1448609101882{margin-top: 0px !important;margin-bottom: 0px !important;padding-top: 84px !important;padding-bottom: 80px !important;background-color: #e6e6e6 !important;}&#8220;][vc_column css=&#8220;.vc_custom_1454060097566{margin-top: 0px !important;margin-bottom: 0px !important;padding-top: 0px !important;padding-bottom: 0px !important;}&#8220;]        \t<div id=\"ct_custom_1621448850044\" class=\"ct-sc-special-hd style-2 ct-s1\">\r\n\t\t\t\t<div class=\"h3 primary-title\"><p>NA\u0160I \t<span class='ct-icon-11-setting-plane-airplane'><\/span> NA\u0160I PARTNE\u0158I<\/p>\n<\/div><span class=\"sub-title no-sub \"><\/span>            <\/div> \r\n        [\/vc_column][\/vc_row][vc_row css=&#8220;.vc_custom_1444966946100{margin-top: 0px !important;margin-bottom: 0px !important;}&#8220;][vc_column css=&#8220;.vc_custom_1452826365301{margin-top: 0px !important;margin-bottom: 0px !important;padding-top: 0px !important;padding-bottom: 0px !important;}&#8220;]\t\t\t\r\n\t\t<div id=\"ct_custom_9581444966954\" class=\"ct-shortcode-arrow\"><\/div>\r\n\r\n\t\t    <div id=\"c_partners_5070\" class=\"cactus-partners-shortcode\">\r\n    \t<div class=\"block-partners\">\r\n    \t\t<div class=\"item-partner\">\r\n        \t\t<div class=\"partner-wrap\">\r\n\t   \t\t\t\t        \t<div class=\"partner-item col-md-3\">\r\n        \t\t<a href=\"http:\/\/www.pimk.eu\/\"  >\r\n        \t\t\t        \t                    \t                        \t                <img decoding=\"async\" src=\"https:\/\/i0.wp.com\/flekbg.com\/wp-content\/uploads\/2018\/10\/pimk.png?fit=115%2C41&ssl=1\" alt=\"www.pimk.eu\"  data-toggle=\"tooltip\" data-placement=\"top\" title=\"www.pimk.eu\" >\r\n        \t                    \t\t\t        \t\t<\/a>\r\n        \t<\/div>\r\n        \t<div class=\"partner-item col-md-3\">\r\n        \t\t<a href=\"https:\/\/www.parfumi-shop.net\/\"  >\r\n        \t\t\t        \t                    \t                        \t                <img decoding=\"async\" src=\"https:\/\/i0.wp.com\/flekbg.com\/wp-content\/uploads\/2018\/10\/parfumi-shop.png?fit=504%2C156&ssl=1\" alt=\"www.parfumi-shop.net\"  data-toggle=\"tooltip\" data-placement=\"top\" title=\"www.parfumi-shop.net\" >\r\n        \t                    \t\t\t        \t\t<\/a>\r\n        \t<\/div>\r\n        \t<div class=\"partner-item col-md-3\">\r\n        \t\t<a href=\"http:\/\/magazin-razli4ni.eu\/\"  >\r\n        \t\t\t        \t                    \t                        \t                <img decoding=\"async\" src=\"https:\/\/i0.wp.com\/flekbg.com\/wp-content\/uploads\/2018\/10\/Razli4ni.png?fit=283%2C56&ssl=1\" alt=\"magazin-razli4ni.eu\"  data-toggle=\"tooltip\" data-placement=\"top\" title=\"magazin-razli4ni.eu\" >\r\n        \t                    \t\t\t        \t\t<\/a>\r\n        \t<\/div>\r\n        \t<div class=\"partner-item col-md-3\">\r\n        \t\t<a href=\"http:\/\/www.geoma.eu\/\"  >\r\n        \t\t\t        \t                    \t                        \t                <img decoding=\"async\" src=\"https:\/\/i0.wp.com\/flekbg.com\/wp-content\/uploads\/2018\/10\/geoma.gif?fit=417%2C100&ssl=1\" alt=\"www.geoma.eu\"  data-toggle=\"tooltip\" data-placement=\"top\" title=\"www.geoma.eu\" >\r\n        \t                    \t\t\t        \t\t<\/a>\r\n        \t<\/div>\r\n    \t\t\t<\/div>\r\n    \t\t<\/div>\r\n\t\t<\/div>\r\n    <\/div>\r\n[\/vc_column][\/vc_row][vc_row full_width=&#8220;stretch_row&#8220; css=&#8220;.vc_custom_1534001953079{margin-top: 0px !important;margin-bottom: 0px !important;padding-top: 60px !important;padding-bottom: 57px !important;background-color: #cfc9dd !important;}&#8220;][vc_column][vc_column_text]<\/p>\n<h3 style=\"text-align: center;\">Terminy dodani a cenik sluzeb<\/h3>\n<p style=\"text-align: center;\">Terminy dodani a ceny jsou vzdy vazany na konkretni podminky, objem prekladu a pozadavky klienta. Pri uctovani zakazky dle objemu se ridime poctem normostran (NS), pricemz 1NS je definovana dle standardu 1800 uhozu, vcetne mezer nebo 1500 uhozu bez mezer. V jinych pripadech, tez v souladu s mezinarodnimi standardy je mozne vypocitat cenu dle poctu slov. Zakazka s objemem vice nez 6 NS na den se uctuje jako rychla ci expresni. Prelozeny text muze byt klientovi odeslan v elektronicke podobe v predem smluvenem formatu souboru nebo predan osobne na datovem nosici bud v elektronicke nebo papirove podobe. Vsechny preklady jsou zhotovovany odborniky ve svem oboru.<\/p>\n<p style=\"text-align: center; padding-top: 50px;\">\t\t\t\r\n\t\t<a id=\"ct_custom_3621444966462\" href=\"https:\/\/flekbg.com\/cs\/kontakty\/\"  class=\"btn btn-default  btn-style-1 btn-style-2  \">\r\n\t\t\t<span class=\"add-style\">\r\n\t\t\t\t<span class=\"ct-icon-16-ecommerce-box-packaging-pack-goodies\"><\/span> \r\n\t\t\t\t<span>VY\u017d\u00c1TE \u017d\u00c1DOST<\/span>\t\t\t<\/span>    \r\n\t\t<\/a>\r\n\t\t        \r\n\t\t\t\t\t\r\n\t\t<a id=\"ct_custom_1491444966462\" href=\"https:\/\/flekbg.com\/cs\/kontakty\/\"  class=\"btn btn-default  btn-style-1 btn-style-2  \">\r\n\t\t\t<span class=\"add-style\">\r\n\t\t\t\t<span class=\"ct-icon-27-communication-email-envelope\"><\/span> \r\n\t\t\t\t<span>P\u0158IPOJTE S N\u00c1MI<\/span>\t\t\t<\/span>    \r\n\t\t<\/a>\r\n\t\t        \r\n\t\t<\/p>\n<p>[\/vc_column_text][\/vc_column][\/vc_row]<\/p>\n","protected":false},"excerpt":{"rendered":"<p>[vc_row full_width=&#8220;stretch_row_content_no_spaces&#8220; css=&#8220;.vc_custom_1542782588649{margin-top: 0px !important;margin-bottom: 0px !important;padding-top: 0px !important;padding-bottom: 0px !important;}&#8220;][vc_column css=&#8220;.vc_custom_1452826995379{margin-top: 0px !important;margin-bottom: 0px !important;padding-top: 0px !important;padding-bottom: 0px !important;}&#8220;][vc_single_image image=&#8220;263&#8243; img_size=&#8220;full&#8220; alignment=&#8220;center&#8220; css_animation=&#8220;fadeInLeft&#8220; css=&#8220;.vc_custom_1542782583440{padding-right: 0px !important;padding-left: 0px !important;}&#8220;][\/vc_column][\/vc_row][vc_row full_width=&#8220;stretch_row_content_no_spaces&#8220; css=&#8220;.vc_custom_1452826988258{margin-top: 0px !important;margin-bottom: 0px !important;padding-top: 0px !important;padding-bottom: 0px !important;}&#8220;][vc_column css=&#8220;.vc_custom_1452826995379{margin-top: 0px !important;margin-bottom: 0px !important;padding-top: 0px !important;padding-bottom: 0px !important;}&#8220;][vc_custom_heading text=&#8220;P\u0159eklady z\/do bulhar\u0161tiny, \u010de\u0161tiny a sloven\u0161tiny&#8220; font_container=&#8220;tag:h1|text_align:center&#8220; [&hellip;]<\/p>\n","protected":false},"author":1,"featured_media":96,"parent":0,"menu_order":0,"comment_status":"closed","ping_status":"closed","template":"page-templates\/front-page.php","meta":{"jetpack_post_was_ever_published":false,"footnotes":""},"class_list":["post-94","page","type-page","status-publish","has-post-thumbnail","hentry"],"jetpack_sharing_enabled":true,"jetpack_shortlink":"https:\/\/wp.me\/PaanmV-1w","_links":{"self":[{"href":"https:\/\/flekbg.com\/cs\/wp-json\/wp\/v2\/pages\/94\/"}],"collection":[{"href":"https:\/\/flekbg.com\/cs\/wp-json\/wp\/v2\/pages\/"}],"about":[{"href":"https:\/\/flekbg.com\/cs\/wp-json\/wp\/v2\/types\/page\/"}],"author":[{"embeddable":true,"href":"https:\/\/flekbg.com\/cs\/wp-json\/wp\/v2\/users\/1\/"}],"replies":[{"embeddable":true,"href":"https:\/\/flekbg.com\/cs\/wp-json\/wp\/v2\/comments\/?post=94"}],"version-history":[{"count":11,"href":"https:\/\/flekbg.com\/cs\/wp-json\/wp\/v2\/pages\/94\/revisions\/"}],"predecessor-version":[{"id":297,"href":"https:\/\/flekbg.com\/cs\/wp-json\/wp\/v2\/pages\/94\/revisions\/297\/"}],"wp:featuredmedia":[{"embeddable":true,"href":"https:\/\/flekbg.com\/cs\/wp-json\/wp\/v2\/media\/96\/"}],"wp:attachment":[{"href":"https:\/\/flekbg.com\/cs\/wp-json\/wp\/v2\/media\/?parent=94"}],"curies":[{"name":"wp","href":"https:\/\/api.w.org\/{rel}","templated":true}]}}